{"id":442,"date":"2021-10-05T16:21:03","date_gmt":"2021-10-05T14:21:03","guid":{"rendered":"https:\/\/addon.events\/?page_id=442"},"modified":"2021-10-20T16:26:56","modified_gmt":"2021-10-20T14:26:56","slug":"conferences-2019","status":"publish","type":"page","link":"https:\/\/addon.events\/en\/programmation-3\/conferences-2019\/","title":{"rendered":"Conferences 2019"},"content":{"rendered":"<div data-elementor-type=\"wp-page\" data-elementor-id=\"442\" class=\"elementor elementor-442\" data-elementor-post-type=\"page\">\n\t\t\t\t\t\t<section class=\"elementor-section elementor-top-section elementor-element elementor-element-9d49e8d elementor-section-boxed elementor-section-height-default elementor-section-height-default\" data-id=\"9d49e8d\" data-element_type=\"section\">\n\t\t\t\t\t\t<div class=\"elementor-container elementor-column-gap-default\">\n\t\t\t\t\t<div class=\"elementor-column elementor-col-100 elementor-top-column elementor-element elementor-element-f2eac10\" data-id=\"f2eac10\" data-element_type=\"column\">\n\t\t\t<div class=\"elementor-widget-wrap elementor-element-populated\">\n\t\t\t\t\t\t<div class=\"elementor-element elementor-element-d7de14b elementor-view-default elementor-position-top elementor-mobile-position-top elementor-widget elementor-widget-icon-box\" data-id=\"d7de14b\" data-element_type=\"widget\" data-widget_type=\"icon-box.default\">\n\t\t\t\t<div class=\"elementor-widget-container\">\n\t\t\t<link rel=\"stylesheet\" href=\"https:\/\/addon.events\/wp-content\/plugins\/elementor\/assets\/css\/widget-icon-box.min.css\">\t\t<div class=\"elementor-icon-box-wrapper\">\n\n\t\t\t\t\t\t<div class=\"elementor-icon-box-icon\">\n\t\t\t\t<a href=\"https:\/\/www.youtube.com\/watch?v=slAMBzaHOqo&#038;list=PLX29Y0Ooufyl0dawR4YFDEQcQ20KkCo0l\" class=\"elementor-icon elementor-animation-\" tabindex=\"-1\">\n\t\t\t\t<i aria-hidden=\"true\" class=\"fab fa-youtube\"><\/i>\t\t\t\t<\/a>\n\t\t\t<\/div>\n\t\t\t\n\t\t\t\t\t\t<div class=\"elementor-icon-box-content\">\n\n\t\t\t\t\t\t\t\t\t<h1 class=\"elementor-icon-box-title\">\n\t\t\t\t\t\t<a href=\"https:\/\/www.youtube.com\/watch?v=slAMBzaHOqo&#038;list=PLX29Y0Ooufyl0dawR4YFDEQcQ20KkCo0l\" >\n\t\t\t\t\t\t\tCliquez sur le logo ci-dessus pour acc\u00e9der aux conf\u00e9rences d'ADDON 2019 !\t\t\t\t\t\t<\/a>\n\t\t\t\t\t<\/h1>\n\t\t\t\t\n\t\t\t\t\n\t\t\t<\/div>\n\t\t\t\n\t\t<\/div>\n\t\t\t\t<\/div>\n\t\t\t\t<\/div>\n\t\t\t\t\t<\/div>\n\t\t<\/div>\n\t\t\t\t\t<\/div>\n\t\t<\/section>\n\t\t\t\t<section class=\"elementor-section elementor-top-section elementor-element elementor-element-9370935 elementor-section-boxed elementor-section-height-default elementor-section-height-default\" data-id=\"9370935\" data-element_type=\"section\">\n\t\t\t\t\t\t<div class=\"elementor-container elementor-column-gap-default\">\n\t\t\t\t\t<div class=\"elementor-column elementor-col-100 elementor-top-column elementor-element elementor-element-5918362\" data-id=\"5918362\" data-element_type=\"column\">\n\t\t\t<div class=\"elementor-widget-wrap elementor-element-populated\">\n\t\t\t\t\t\t<div class=\"elementor-element elementor-element-3136e50 elementor-widget elementor-widget-spacer\" data-id=\"3136e50\" data-element_type=\"widget\" data-widget_type=\"spacer.default\">\n\t\t\t\t<div class=\"elementor-widget-container\">\n\t\t\t<style>\/*! elementor - v3.22.0 - 17-06-2024 *\/\n.elementor-column .elementor-spacer-inner{height:var(--spacer-size)}.e-con{--container-widget-width:100%}.e-con-inner>.elementor-widget-spacer,.e-con>.elementor-widget-spacer{width:var(--container-widget-width,var(--spacer-size));--align-self:var(--container-widget-align-self,initial);--flex-shrink:0}.e-con-inner>.elementor-widget-spacer>.elementor-widget-container,.e-con>.elementor-widget-spacer>.elementor-widget-container{height:100%;width:100%}.e-con-inner>.elementor-widget-spacer>.elementor-widget-container>.elementor-spacer,.e-con>.elementor-widget-spacer>.elementor-widget-container>.elementor-spacer{height:100%}.e-con-inner>.elementor-widget-spacer>.elementor-widget-container>.elementor-spacer>.elementor-spacer-inner,.e-con>.elementor-widget-spacer>.elementor-widget-container>.elementor-spacer>.elementor-spacer-inner{height:var(--container-widget-height,var(--spacer-size))}.e-con-inner>.elementor-widget-spacer.elementor-widget-empty,.e-con>.elementor-widget-spacer.elementor-widget-empty{position:relative;min-height:22px;min-width:22px}.e-con-inner>.elementor-widget-spacer.elementor-widget-empty .elementor-widget-empty-icon,.e-con>.elementor-widget-spacer.elementor-widget-empty .elementor-widget-empty-icon{position:absolute;top:0;bottom:0;left:0;right:0;margin:auto;padding:0;width:22px;height:22px}<\/style>\t\t<div class=\"elementor-spacer\">\n\t\t\t<div class=\"elementor-spacer-inner\"><\/div>\n\t\t<\/div>\n\t\t\t\t<\/div>\n\t\t\t\t<\/div>\n\t\t\t\t<div class=\"elementor-element elementor-element-e8408a4 elementor-widget elementor-widget-video\" data-id=\"e8408a4\" data-element_type=\"widget\" data-settings=\"{&quot;youtube_url&quot;:&quot;https:\\\/\\\/www.youtube.com\\\/watch?v=slAMBzaHOqo&amp;list=PLX29Y0Ooufyl0dawR4YFDEQcQ20KkCo0l&quot;,&quot;video_type&quot;:&quot;youtube&quot;,&quot;controls&quot;:&quot;yes&quot;}\" data-widget_type=\"video.default\">\n\t\t\t\t<div class=\"elementor-widget-container\">\n\t\t\t<style>\/*! elementor - v3.22.0 - 17-06-2024 *\/\n.elementor-widget-video .elementor-widget-container{overflow:hidden;transform:translateZ(0)}.elementor-widget-video .elementor-wrapper{aspect-ratio:var(--video-aspect-ratio)}.elementor-widget-video .elementor-wrapper iframe,.elementor-widget-video .elementor-wrapper video{height:100%;width:100%;display:flex;border:none;background-color:#000}@supports not (aspect-ratio:1\/1){.elementor-widget-video .elementor-wrapper{position:relative;overflow:hidden;height:0;padding-bottom:calc(100% \/ var(--video-aspect-ratio))}.elementor-widget-video .elementor-wrapper iframe,.elementor-widget-video .elementor-wrapper video{position:absolute;top:0;right:0;bottom:0;left:0}}.elementor-widget-video .elementor-open-inline .elementor-custom-embed-image-overlay{position:absolute;top:0;right:0;bottom:0;left:0;background-size:cover;background-position:50%}.elementor-widget-video .elementor-custom-embed-image-overlay{cursor:pointer;text-align:center}.elementor-widget-video .elementor-custom-embed-image-overlay:hover .elementor-custom-embed-play i{opacity:1}.elementor-widget-video .elementor-custom-embed-image-overlay img{display:block;width:100%;aspect-ratio:var(--video-aspect-ratio);-o-object-fit:cover;object-fit:cover;-o-object-position:center center;object-position:center center}@supports not (aspect-ratio:1\/1){.elementor-widget-video .elementor-custom-embed-image-overlay{position:relative;overflow:hidden;height:0;padding-bottom:calc(100% \/ var(--video-aspect-ratio))}.elementor-widget-video .elementor-custom-embed-image-overlay img{position:absolute;top:0;right:0;bottom:0;left:0}}.elementor-widget-video .e-hosted-video .elementor-video{-o-object-fit:cover;object-fit:cover}.e-con-inner>.elementor-widget-video,.e-con>.elementor-widget-video{width:var(--container-widget-width);--flex-grow:var(--container-widget-flex-grow)}<\/style>\t\t<div class=\"elementor-wrapper elementor-open-inline\">\n\t\t\t<div class=\"elementor-video\"><\/div>\t\t<\/div>\n\t\t\t\t<\/div>\n\t\t\t\t<\/div>\n\t\t\t\t\t<\/div>\n\t\t<\/div>\n\t\t\t\t\t<\/div>\n\t\t<\/section>\n\t\t\t\t<\/div>","protected":false},"excerpt":{"rendered":"<p>Cliquez sur le logo ci-dessus pour acc\u00e9der aux conf\u00e9rences d&rsquo;ADDON 2019 !<\/p>\n<a href=\"https:\/\/addon.events\/en\/programmation-3\/conferences-2019\/\"> Lire la suite...<\/a>","protected":false},"author":1,"featured_media":0,"parent":12,"menu_order":0,"comment_status":"closed","ping_status":"closed","template":"","meta":{"_acf_changed":false,"footnotes":""},"class_list":["post-442","page","type-page","status-publish","hentry"],"acf":[],"yoast_head":"<!-- This site is optimized with the Yoast SEO plugin v22.9 - https:\/\/yoast.com\/wordpress\/plugins\/seo\/ -->\n<title>Conf\u00e9rences 2019 - ADDON<\/title>\n<meta name=\"robots\" content=\"index, follow, max-snippet:-1, max-image-preview:large, max-video-preview:-1\" \/>\n<link rel=\"canonical\" href=\"https:\/\/addon.events\/en\/programmation-3\/conferences-2019\/\" \/>\n<meta property=\"og:locale\" content=\"en_GB\" \/>\n<meta property=\"og:type\" content=\"article\" \/>\n<meta property=\"og:title\" content=\"Conf\u00e9rences 2019 - ADDON\" \/>\n<meta property=\"og:description\" content=\"Cliquez sur le logo ci-dessus pour acc\u00e9der aux conf\u00e9rences d&rsquo;ADDON 2019 !\" \/>\n<meta property=\"og:url\" content=\"https:\/\/addon.events\/en\/programmation-3\/conferences-2019\/\" \/>\n<meta property=\"og:site_name\" content=\"ADDON\" \/>\n<meta property=\"article:modified_time\" content=\"2021-10-20T14:26:56+00:00\" \/>\n<meta name=\"twitter:card\" content=\"summary_large_image\" \/>\n<meta name=\"twitter:label1\" content=\"Estimated reading time\" \/>\n\t<meta name=\"twitter:data1\" content=\"1 minute\" \/>\n<script type=\"application\/ld+json\" class=\"yoast-schema-graph\">{\"@context\":\"https:\/\/schema.org\",\"@graph\":[{\"@type\":\"WebPage\",\"@id\":\"https:\/\/addon.events\/programmation-3\/conferences-2019\/\",\"url\":\"https:\/\/addon.events\/programmation-3\/conferences-2019\/\",\"name\":\"Conf\u00e9rences 2019 - ADDON\",\"isPartOf\":{\"@id\":\"https:\/\/addon.events\/#website\"},\"datePublished\":\"2021-10-05T14:21:03+00:00\",\"dateModified\":\"2021-10-20T14:26:56+00:00\",\"breadcrumb\":{\"@id\":\"https:\/\/addon.events\/programmation-3\/conferences-2019\/#breadcrumb\"},\"inLanguage\":\"en-GB\",\"potentialAction\":[{\"@type\":\"ReadAction\",\"target\":[\"https:\/\/addon.events\/programmation-3\/conferences-2019\/\"]}]},{\"@type\":\"BreadcrumbList\",\"@id\":\"https:\/\/addon.events\/programmation-3\/conferences-2019\/#breadcrumb\",\"itemListElement\":[{\"@type\":\"ListItem\",\"position\":1,\"name\":\"Accueil\",\"item\":\"https:\/\/addon.events\/\"},{\"@type\":\"ListItem\",\"position\":2,\"name\":\"Programmation\",\"item\":\"https:\/\/addon.events\/programmation-3\/\"},{\"@type\":\"ListItem\",\"position\":3,\"name\":\"Conf\u00e9rences 2019\"}]},{\"@type\":\"WebSite\",\"@id\":\"https:\/\/addon.events\/#website\",\"url\":\"https:\/\/addon.events\/\",\"name\":\"ADDON\",\"description\":\"\",\"publisher\":{\"@id\":\"https:\/\/addon.events\/#organization\"},\"potentialAction\":[{\"@type\":\"SearchAction\",\"target\":{\"@type\":\"EntryPoint\",\"urlTemplate\":\"https:\/\/addon.events\/?s={search_term_string}\"},\"query-input\":\"required name=search_term_string\"}],\"inLanguage\":\"en-GB\"},{\"@type\":\"Organization\",\"@id\":\"https:\/\/addon.events\/#organization\",\"name\":\"Atlangames\",\"url\":\"https:\/\/addon.events\/\",\"logo\":{\"@type\":\"ImageObject\",\"inLanguage\":\"en-GB\",\"@id\":\"https:\/\/addon.events\/#\/schema\/logo\/image\/\",\"url\":\"https:\/\/addon.events\/wp-content\/uploads\/2021\/09\/logo-atlangames.png\",\"contentUrl\":\"https:\/\/addon.events\/wp-content\/uploads\/2021\/09\/logo-atlangames.png\",\"width\":256,\"height\":116,\"caption\":\"Atlangames\"},\"image\":{\"@id\":\"https:\/\/addon.events\/#\/schema\/logo\/image\/\"}}]}<\/script>\n<!-- \/ Yoast SEO plugin. -->","yoast_head_json":{"title":"Conf\u00e9rences 2019 - ADDON","robots":{"index":"index","follow":"follow","max-snippet":"max-snippet:-1","max-image-preview":"max-image-preview:large","max-video-preview":"max-video-preview:-1"},"canonical":"https:\/\/addon.events\/en\/programmation-3\/conferences-2019\/","og_locale":"en_GB","og_type":"article","og_title":"Conf\u00e9rences 2019 - ADDON","og_description":"Cliquez sur le logo ci-dessus pour acc\u00e9der aux conf\u00e9rences d&rsquo;ADDON 2019 !","og_url":"https:\/\/addon.events\/en\/programmation-3\/conferences-2019\/","og_site_name":"ADDON","article_modified_time":"2021-10-20T14:26:56+00:00","twitter_card":"summary_large_image","twitter_misc":{"Estimated reading time":"1 minute"},"schema":{"@context":"https:\/\/schema.org","@graph":[{"@type":"WebPage","@id":"https:\/\/addon.events\/programmation-3\/conferences-2019\/","url":"https:\/\/addon.events\/programmation-3\/conferences-2019\/","name":"Conf\u00e9rences 2019 - ADDON","isPartOf":{"@id":"https:\/\/addon.events\/#website"},"datePublished":"2021-10-05T14:21:03+00:00","dateModified":"2021-10-20T14:26:56+00:00","breadcrumb":{"@id":"https:\/\/addon.events\/programmation-3\/conferences-2019\/#breadcrumb"},"inLanguage":"en-GB","potentialAction":[{"@type":"ReadAction","target":["https:\/\/addon.events\/programmation-3\/conferences-2019\/"]}]},{"@type":"BreadcrumbList","@id":"https:\/\/addon.events\/programmation-3\/conferences-2019\/#breadcrumb","itemListElement":[{"@type":"ListItem","position":1,"name":"Accueil","item":"https:\/\/addon.events\/"},{"@type":"ListItem","position":2,"name":"Programmation","item":"https:\/\/addon.events\/programmation-3\/"},{"@type":"ListItem","position":3,"name":"Conf\u00e9rences 2019"}]},{"@type":"WebSite","@id":"https:\/\/addon.events\/#website","url":"https:\/\/addon.events\/","name":"ADDON","description":"","publisher":{"@id":"https:\/\/addon.events\/#organization"},"potentialAction":[{"@type":"SearchAction","target":{"@type":"EntryPoint","urlTemplate":"https:\/\/addon.events\/?s={search_term_string}"},"query-input":"required name=search_term_string"}],"inLanguage":"en-GB"},{"@type":"Organization","@id":"https:\/\/addon.events\/#organization","name":"Atlangames","url":"https:\/\/addon.events\/","logo":{"@type":"ImageObject","inLanguage":"en-GB","@id":"https:\/\/addon.events\/#\/schema\/logo\/image\/","url":"https:\/\/addon.events\/wp-content\/uploads\/2021\/09\/logo-atlangames.png","contentUrl":"https:\/\/addon.events\/wp-content\/uploads\/2021\/09\/logo-atlangames.png","width":256,"height":116,"caption":"Atlangames"},"image":{"@id":"https:\/\/addon.events\/#\/schema\/logo\/image\/"}}]}},"_links":{"self":[{"href":"https:\/\/addon.events\/en\/wp-json\/wp\/v2\/pages\/442","targetHints":{"allow":["GET"]}}],"collection":[{"href":"https:\/\/addon.events\/en\/wp-json\/wp\/v2\/pages"}],"about":[{"href":"https:\/\/addon.events\/en\/wp-json\/wp\/v2\/types\/page"}],"author":[{"embeddable":true,"href":"https:\/\/addon.events\/en\/wp-json\/wp\/v2\/users\/1"}],"replies":[{"embeddable":true,"href":"https:\/\/addon.events\/en\/wp-json\/wp\/v2\/comments?post=442"}],"version-history":[{"count":25,"href":"https:\/\/addon.events\/en\/wp-json\/wp\/v2\/pages\/442\/revisions"}],"predecessor-version":[{"id":975,"href":"https:\/\/addon.events\/en\/wp-json\/wp\/v2\/pages\/442\/revisions\/975"}],"up":[{"embeddable":true,"href":"https:\/\/addon.events\/en\/wp-json\/wp\/v2\/pages\/12"}],"wp:attachment":[{"href":"https:\/\/addon.events\/en\/wp-json\/wp\/v2\/media?parent=442"}],"curies":[{"name":"wp","href":"https:\/\/api.w.org\/{rel}","templated":true}]}}