{"id":278,"date":"2021-09-28T14:47:12","date_gmt":"2021-09-28T12:47:12","guid":{"rendered":"https:\/\/addon.events\/?page_id=278"},"modified":"2024-12-17T17:29:14","modified_gmt":"2024-12-17T16:29:14","slug":"billetterie","status":"publish","type":"page","link":"https:\/\/addon.events\/en\/billetterie\/","title":{"rendered":"Billetterie"},"content":{"rendered":"<div data-elementor-type=\"wp-page\" data-elementor-id=\"278\" class=\"elementor elementor-278\" data-elementor-post-type=\"page\">\n\t\t\t\t\t\t<section class=\"elementor-section elementor-top-section elementor-element elementor-element-f8adce2 elementor-section-full_width elementor-section-stretched elementor-section-height-default elementor-section-height-default\" data-id=\"f8adce2\" data-element_type=\"section\" data-settings=\"{&quot;stretch_section&quot;:&quot;section-stretched&quot;,&quot;background_background&quot;:&quot;classic&quot;}\">\n\t\t\t\t\t\t<div class=\"elementor-container elementor-column-gap-default\">\n\t\t\t\t\t<div class=\"elementor-column elementor-col-100 elementor-top-column elementor-element elementor-element-a2655f8\" data-id=\"a2655f8\" data-element_type=\"column\" data-settings=\"{&quot;background_background&quot;:&quot;classic&quot;}\">\n\t\t\t<div class=\"elementor-widget-wrap elementor-element-populated\">\n\t\t\t\t\t\t<div class=\"elementor-element elementor-element-2dee00e elementor-widget elementor-widget-image\" data-id=\"2dee00e\" data-element_type=\"widget\" data-widget_type=\"image.default\">\n\t\t\t\t<div class=\"elementor-widget-container\">\n\t\t\t<style>\/*! elementor - v3.22.0 - 17-06-2024 *\/\n.elementor-widget-image{text-align:center}.elementor-widget-image a{display:inline-block}.elementor-widget-image a img[src$=\".svg\"]{width:48px}.elementor-widget-image img{vertical-align:middle;display:inline-block}<\/style>\t\t\t\t\t\t\t\t\t\t<img fetchpriority=\"high\" decoding=\"async\" width=\"524\" height=\"370\" src=\"https:\/\/addon.events\/wp-content\/uploads\/2024\/02\/ticketsaddon.png\" class=\"attachment-large size-large wp-image-2916\" alt=\"\" srcset=\"https:\/\/addon.events\/wp-content\/uploads\/2024\/02\/ticketsaddon.png 524w, https:\/\/addon.events\/wp-content\/uploads\/2024\/02\/ticketsaddon-300x212.png 300w, https:\/\/addon.events\/wp-content\/uploads\/2024\/02\/ticketsaddon-18x12.png 18w\" sizes=\"(max-width: 524px) 100vw, 524px\" \/>\t\t\t\t\t\t\t\t\t\t\t\t\t<\/div>\n\t\t\t\t<\/div>\n\t\t\t\t\t<\/div>\n\t\t<\/div>\n\t\t\t\t\t<\/div>\n\t\t<\/section>\n\t\t\t\t<section class=\"elementor-section elementor-top-section elementor-element elementor-element-35e1836 elementor-section-boxed elementor-section-height-default elementor-section-height-default\" data-id=\"35e1836\" data-element_type=\"section\" id=\"startchange\">\n\t\t\t\t\t\t<div class=\"elementor-container elementor-column-gap-default\">\n\t\t\t\t\t<div class=\"elementor-column elementor-col-100 elementor-top-column elementor-element elementor-element-c61f1e3\" data-id=\"c61f1e3\" data-element_type=\"column\">\n\t\t\t<div class=\"elementor-widget-wrap elementor-element-populated\">\n\t\t\t\t\t\t<div class=\"elementor-element elementor-element-d8ee5b1 elementor-widget elementor-widget-heading\" data-id=\"d8ee5b1\" data-element_type=\"widget\" data-widget_type=\"heading.default\">\n\t\t\t\t<div class=\"elementor-widget-container\">\n\t\t\t<style>\/*! elementor - v3.22.0 - 17-06-2024 *\/\n.elementor-heading-title{padding:0;margin:0;line-height:1}.elementor-widget-heading .elementor-heading-title[class*=elementor-size-]>a{color:inherit;font-size:inherit;line-height:inherit}.elementor-widget-heading .elementor-heading-title.elementor-size-small{font-size:15px}.elementor-widget-heading .elementor-heading-title.elementor-size-medium{font-size:19px}.elementor-widget-heading .elementor-heading-title.elementor-size-large{font-size:29px}.elementor-widget-heading .elementor-heading-title.elementor-size-xl{font-size:39px}.elementor-widget-heading .elementor-heading-title.elementor-size-xxl{font-size:59px}<\/style><h2 class=\"elementor-heading-title elementor-size-default\">TICKETS SALES<\/h2>\t\t<\/div>\n\t\t\t\t<\/div>\n\t\t\t\t\t<\/div>\n\t\t<\/div>\n\t\t\t\t\t<\/div>\n\t\t<\/section>\n\t\t\t\t<section class=\"elementor-section elementor-top-section elementor-element elementor-element-b985378 elementor-section-boxed elementor-section-height-default elementor-section-height-default\" data-id=\"b985378\" data-element_type=\"section\">\n\t\t\t\t\t\t<div class=\"elementor-container elementor-column-gap-default\">\n\t\t\t\t\t<div class=\"elementor-column elementor-col-100 elementor-top-column elementor-element elementor-element-04f941a\" data-id=\"04f941a\" data-element_type=\"column\">\n\t\t\t<div class=\"elementor-widget-wrap\">\n\t\t\t\t\t\t\t<\/div>\n\t\t<\/div>\n\t\t\t\t\t<\/div>\n\t\t<\/section>\n\t\t\t\t<section class=\"elementor-section elementor-top-section elementor-element elementor-element-52c5aca elementor-section-boxed elementor-section-height-default elementor-section-height-default\" data-id=\"52c5aca\" data-element_type=\"section\">\n\t\t\t\t\t\t<div class=\"elementor-container elementor-column-gap-default\">\n\t\t\t\t\t<div class=\"elementor-column elementor-col-100 elementor-top-column elementor-element elementor-element-bf5f7ab\" data-id=\"bf5f7ab\" data-element_type=\"column\">\n\t\t\t<div class=\"elementor-widget-wrap elementor-element-populated\">\n\t\t\t\t\t\t<div class=\"elementor-element elementor-element-cf91b69 elementor-widget elementor-widget-shortcode\" data-id=\"cf91b69\" data-element_type=\"widget\" data-widget_type=\"shortcode.default\">\n\t\t\t\t<div class=\"elementor-widget-container\">\n\t\t\t\t\t<div class=\"elementor-shortcode\"><iframe id=\"haWidget\" allowtransparency=\"true\" scrolling=\"auto\" src=\"https:\/\/www.helloasso.com\/associations\/atlangames\/evenements\/addon-2025\/widget\" style=\"width: 100%; height: 750px; border: none;\"><\/iframe><\/div>\n\t\t\t\t<\/div>\n\t\t\t\t<\/div>\n\t\t\t\t\t<\/div>\n\t\t<\/div>\n\t\t\t\t\t<\/div>\n\t\t<\/section>\n\t\t\t\t<section class=\"elementor-section elementor-top-section elementor-element elementor-element-034eaf4 elementor-section-boxed elementor-section-height-default elementor-section-height-default\" data-id=\"034eaf4\" data-element_type=\"section\">\n\t\t\t\t\t\t<div class=\"elementor-container elementor-column-gap-default\">\n\t\t\t\t\t<div class=\"elementor-column elementor-col-100 elementor-top-column elementor-element elementor-element-517eda4\" data-id=\"517eda4\" data-element_type=\"column\">\n\t\t\t<div class=\"elementor-widget-wrap elementor-element-populated\">\n\t\t\t\t\t\t<div class=\"elementor-element elementor-element-d97bd07 elementor-widget elementor-widget-spacer\" data-id=\"d97bd07\" data-element_type=\"widget\" data-widget_type=\"spacer.default\">\n\t\t\t\t<div class=\"elementor-widget-container\">\n\t\t\t<style>\/*! elementor - v3.22.0 - 17-06-2024 *\/\n.elementor-column .elementor-spacer-inner{height:var(--spacer-size)}.e-con{--container-widget-width:100%}.e-con-inner>.elementor-widget-spacer,.e-con>.elementor-widget-spacer{width:var(--container-widget-width,var(--spacer-size));--align-self:var(--container-widget-align-self,initial);--flex-shrink:0}.e-con-inner>.elementor-widget-spacer>.elementor-widget-container,.e-con>.elementor-widget-spacer>.elementor-widget-container{height:100%;width:100%}.e-con-inner>.elementor-widget-spacer>.elementor-widget-container>.elementor-spacer,.e-con>.elementor-widget-spacer>.elementor-widget-container>.elementor-spacer{height:100%}.e-con-inner>.elementor-widget-spacer>.elementor-widget-container>.elementor-spacer>.elementor-spacer-inner,.e-con>.elementor-widget-spacer>.elementor-widget-container>.elementor-spacer>.elementor-spacer-inner{height:var(--container-widget-height,var(--spacer-size))}.e-con-inner>.elementor-widget-spacer.elementor-widget-empty,.e-con>.elementor-widget-spacer.elementor-widget-empty{position:relative;min-height:22px;min-width:22px}.e-con-inner>.elementor-widget-spacer.elementor-widget-empty .elementor-widget-empty-icon,.e-con>.elementor-widget-spacer.elementor-widget-empty .elementor-widget-empty-icon{position:absolute;top:0;bottom:0;left:0;right:0;margin:auto;padding:0;width:22px;height:22px}<\/style>\t\t<div class=\"elementor-spacer\">\n\t\t\t<div class=\"elementor-spacer-inner\"><\/div>\n\t\t<\/div>\n\t\t\t\t<\/div>\n\t\t\t\t<\/div>\n\t\t\t\t<div class=\"elementor-element elementor-element-b9e2c01 elementor-widget elementor-widget-spacer\" data-id=\"b9e2c01\" data-element_type=\"widget\" data-widget_type=\"spacer.default\">\n\t\t\t\t<div class=\"elementor-widget-container\">\n\t\t\t\t\t<div class=\"elementor-spacer\">\n\t\t\t<div class=\"elementor-spacer-inner\"><\/div>\n\t\t<\/div>\n\t\t\t\t<\/div>\n\t\t\t\t<\/div>\n\t\t\t\t\t<\/div>\n\t\t<\/div>\n\t\t\t\t\t<\/div>\n\t\t<\/section>\n\t\t\t\t<\/div>","protected":false},"excerpt":{"rendered":"<p>TICKETS SALES<\/p>\n<a href=\"https:\/\/addon.events\/en\/billetterie\/\"> Lire la suite...<\/a>","protected":false},"author":1,"featured_media":319,"parent":0,"menu_order":0,"comment_status":"closed","ping_status":"closed","template":"","meta":{"_acf_changed":false,"footnotes":""},"class_list":["post-278","page","type-page","status-publish","has-post-thumbnail","hentry"],"acf":[],"yoast_head":"<!-- This site is optimized with the Yoast SEO plugin v22.9 - https:\/\/yoast.com\/wordpress\/plugins\/seo\/ -->\n<title>Billetterie - ADDON<\/title>\n<meta name=\"description\" content=\"R\u00e9servez votre place pour la prochaine \u00e9dition d&#039;ADDON \u00e0 Rennes !\" \/>\n<meta name=\"robots\" content=\"index, follow, max-snippet:-1, max-image-preview:large, max-video-preview:-1\" \/>\n<link rel=\"canonical\" href=\"https:\/\/addon.events\/en\/billetterie\/\" \/>\n<meta property=\"og:locale\" content=\"en_GB\" \/>\n<meta property=\"og:type\" content=\"article\" \/>\n<meta property=\"og:title\" content=\"Billetterie - ADDON\" \/>\n<meta property=\"og:description\" content=\"R\u00e9servez votre place pour la prochaine \u00e9dition d&#039;ADDON \u00e0 Rennes !\" \/>\n<meta property=\"og:url\" content=\"https:\/\/addon.events\/en\/billetterie\/\" \/>\n<meta property=\"og:site_name\" content=\"ADDON\" \/>\n<meta property=\"article:modified_time\" content=\"2024-12-17T16:29:14+00:00\" \/>\n<meta property=\"og:image\" content=\"https:\/\/addon.events\/wp-content\/uploads\/2021\/10\/billet.png\" \/>\n\t<meta property=\"og:image:width\" content=\"524\" \/>\n\t<meta property=\"og:image:height\" content=\"370\" \/>\n\t<meta property=\"og:image:type\" content=\"image\/png\" \/>\n<meta name=\"twitter:card\" content=\"summary_large_image\" \/>\n<meta name=\"twitter:label1\" content=\"Estimated reading time\" \/>\n\t<meta name=\"twitter:data1\" content=\"1 minute\" \/>\n<script type=\"application\/ld+json\" class=\"yoast-schema-graph\">{\"@context\":\"https:\/\/schema.org\",\"@graph\":[{\"@type\":\"WebPage\",\"@id\":\"https:\/\/addon.events\/billetterie\/\",\"url\":\"https:\/\/addon.events\/billetterie\/\",\"name\":\"Billetterie - ADDON\",\"isPartOf\":{\"@id\":\"https:\/\/addon.events\/#website\"},\"primaryImageOfPage\":{\"@id\":\"https:\/\/addon.events\/billetterie\/#primaryimage\"},\"image\":{\"@id\":\"https:\/\/addon.events\/billetterie\/#primaryimage\"},\"thumbnailUrl\":\"https:\/\/addon.events\/wp-content\/uploads\/2021\/10\/billet.png\",\"datePublished\":\"2021-09-28T12:47:12+00:00\",\"dateModified\":\"2024-12-17T16:29:14+00:00\",\"description\":\"R\u00e9servez votre place pour la prochaine \u00e9dition d'ADDON \u00e0 Rennes !\",\"breadcrumb\":{\"@id\":\"https:\/\/addon.events\/billetterie\/#breadcrumb\"},\"inLanguage\":\"en-GB\",\"potentialAction\":[{\"@type\":\"ReadAction\",\"target\":[\"https:\/\/addon.events\/billetterie\/\"]}]},{\"@type\":\"ImageObject\",\"inLanguage\":\"en-GB\",\"@id\":\"https:\/\/addon.events\/billetterie\/#primaryimage\",\"url\":\"https:\/\/addon.events\/wp-content\/uploads\/2021\/10\/billet.png\",\"contentUrl\":\"https:\/\/addon.events\/wp-content\/uploads\/2021\/10\/billet.png\",\"width\":524,\"height\":370},{\"@type\":\"BreadcrumbList\",\"@id\":\"https:\/\/addon.events\/billetterie\/#breadcrumb\",\"itemListElement\":[{\"@type\":\"ListItem\",\"position\":1,\"name\":\"Accueil\",\"item\":\"https:\/\/addon.events\/\"},{\"@type\":\"ListItem\",\"position\":2,\"name\":\"Billetterie\"}]},{\"@type\":\"WebSite\",\"@id\":\"https:\/\/addon.events\/#website\",\"url\":\"https:\/\/addon.events\/\",\"name\":\"ADDON\",\"description\":\"\",\"publisher\":{\"@id\":\"https:\/\/addon.events\/#organization\"},\"potentialAction\":[{\"@type\":\"SearchAction\",\"target\":{\"@type\":\"EntryPoint\",\"urlTemplate\":\"https:\/\/addon.events\/?s={search_term_string}\"},\"query-input\":\"required name=search_term_string\"}],\"inLanguage\":\"en-GB\"},{\"@type\":\"Organization\",\"@id\":\"https:\/\/addon.events\/#organization\",\"name\":\"Atlangames\",\"url\":\"https:\/\/addon.events\/\",\"logo\":{\"@type\":\"ImageObject\",\"inLanguage\":\"en-GB\",\"@id\":\"https:\/\/addon.events\/#\/schema\/logo\/image\/\",\"url\":\"https:\/\/addon.events\/wp-content\/uploads\/2021\/09\/logo-atlangames.png\",\"contentUrl\":\"https:\/\/addon.events\/wp-content\/uploads\/2021\/09\/logo-atlangames.png\",\"width\":256,\"height\":116,\"caption\":\"Atlangames\"},\"image\":{\"@id\":\"https:\/\/addon.events\/#\/schema\/logo\/image\/\"}}]}<\/script>\n<!-- \/ Yoast SEO plugin. -->","yoast_head_json":{"title":"Billetterie - ADDON","description":"R\u00e9servez votre place pour la prochaine \u00e9dition d'ADDON \u00e0 Rennes !","robots":{"index":"index","follow":"follow","max-snippet":"max-snippet:-1","max-image-preview":"max-image-preview:large","max-video-preview":"max-video-preview:-1"},"canonical":"https:\/\/addon.events\/en\/billetterie\/","og_locale":"en_GB","og_type":"article","og_title":"Billetterie - ADDON","og_description":"R\u00e9servez votre place pour la prochaine \u00e9dition d'ADDON \u00e0 Rennes !","og_url":"https:\/\/addon.events\/en\/billetterie\/","og_site_name":"ADDON","article_modified_time":"2024-12-17T16:29:14+00:00","og_image":[{"width":524,"height":370,"url":"https:\/\/addon.events\/wp-content\/uploads\/2021\/10\/billet.png","type":"image\/png"}],"twitter_card":"summary_large_image","twitter_misc":{"Estimated reading time":"1 minute"},"schema":{"@context":"https:\/\/schema.org","@graph":[{"@type":"WebPage","@id":"https:\/\/addon.events\/billetterie\/","url":"https:\/\/addon.events\/billetterie\/","name":"Billetterie - ADDON","isPartOf":{"@id":"https:\/\/addon.events\/#website"},"primaryImageOfPage":{"@id":"https:\/\/addon.events\/billetterie\/#primaryimage"},"image":{"@id":"https:\/\/addon.events\/billetterie\/#primaryimage"},"thumbnailUrl":"https:\/\/addon.events\/wp-content\/uploads\/2021\/10\/billet.png","datePublished":"2021-09-28T12:47:12+00:00","dateModified":"2024-12-17T16:29:14+00:00","description":"R\u00e9servez votre place pour la prochaine \u00e9dition d'ADDON \u00e0 Rennes !","breadcrumb":{"@id":"https:\/\/addon.events\/billetterie\/#breadcrumb"},"inLanguage":"en-GB","potentialAction":[{"@type":"ReadAction","target":["https:\/\/addon.events\/billetterie\/"]}]},{"@type":"ImageObject","inLanguage":"en-GB","@id":"https:\/\/addon.events\/billetterie\/#primaryimage","url":"https:\/\/addon.events\/wp-content\/uploads\/2021\/10\/billet.png","contentUrl":"https:\/\/addon.events\/wp-content\/uploads\/2021\/10\/billet.png","width":524,"height":370},{"@type":"BreadcrumbList","@id":"https:\/\/addon.events\/billetterie\/#breadcrumb","itemListElement":[{"@type":"ListItem","position":1,"name":"Accueil","item":"https:\/\/addon.events\/"},{"@type":"ListItem","position":2,"name":"Billetterie"}]},{"@type":"WebSite","@id":"https:\/\/addon.events\/#website","url":"https:\/\/addon.events\/","name":"ADDON","description":"","publisher":{"@id":"https:\/\/addon.events\/#organization"},"potentialAction":[{"@type":"SearchAction","target":{"@type":"EntryPoint","urlTemplate":"https:\/\/addon.events\/?s={search_term_string}"},"query-input":"required name=search_term_string"}],"inLanguage":"en-GB"},{"@type":"Organization","@id":"https:\/\/addon.events\/#organization","name":"Atlangames","url":"https:\/\/addon.events\/","logo":{"@type":"ImageObject","inLanguage":"en-GB","@id":"https:\/\/addon.events\/#\/schema\/logo\/image\/","url":"https:\/\/addon.events\/wp-content\/uploads\/2021\/09\/logo-atlangames.png","contentUrl":"https:\/\/addon.events\/wp-content\/uploads\/2021\/09\/logo-atlangames.png","width":256,"height":116,"caption":"Atlangames"},"image":{"@id":"https:\/\/addon.events\/#\/schema\/logo\/image\/"}}]}},"_links":{"self":[{"href":"https:\/\/addon.events\/en\/wp-json\/wp\/v2\/pages\/278","targetHints":{"allow":["GET"]}}],"collection":[{"href":"https:\/\/addon.events\/en\/wp-json\/wp\/v2\/pages"}],"about":[{"href":"https:\/\/addon.events\/en\/wp-json\/wp\/v2\/types\/page"}],"author":[{"embeddable":true,"href":"https:\/\/addon.events\/en\/wp-json\/wp\/v2\/users\/1"}],"replies":[{"embeddable":true,"href":"https:\/\/addon.events\/en\/wp-json\/wp\/v2\/comments?post=278"}],"version-history":[{"count":218,"href":"https:\/\/addon.events\/en\/wp-json\/wp\/v2\/pages\/278\/revisions"}],"predecessor-version":[{"id":3188,"href":"https:\/\/addon.events\/en\/wp-json\/wp\/v2\/pages\/278\/revisions\/3188"}],"wp:featuredmedia":[{"embeddable":true,"href":"https:\/\/addon.events\/en\/wp-json\/wp\/v2\/media\/319"}],"wp:attachment":[{"href":"https:\/\/addon.events\/en\/wp-json\/wp\/v2\/media?parent=278"}],"curies":[{"name":"wp","href":"https:\/\/api.w.org\/{rel}","templated":true}]}}