{"id":191,"date":"2021-09-28T11:21:28","date_gmt":"2021-09-28T09:21:28","guid":{"rendered":"https:\/\/addon.events\/?page_id=191"},"modified":"2021-10-22T15:57:12","modified_gmt":"2021-10-22T13:57:12","slug":"mentions-legales","status":"publish","type":"page","link":"https:\/\/addon.events\/en\/mentions-legales\/","title":{"rendered":"Legal Notice"},"content":{"rendered":"<div data-elementor-type=\"wp-page\" data-elementor-id=\"191\" class=\"elementor elementor-191\" data-elementor-post-type=\"page\">\n\t\t\t\t\t\t<section class=\"elementor-section elementor-top-section elementor-element elementor-element-f4ee7f2 elementor-section-boxed elementor-section-height-default elementor-section-height-default\" data-id=\"f4ee7f2\" data-element_type=\"section\">\n\t\t\t\t\t\t<div class=\"elementor-container elementor-column-gap-default\">\n\t\t\t\t\t<div class=\"elementor-column elementor-col-100 elementor-top-column elementor-element elementor-element-b741132\" data-id=\"b741132\" data-element_type=\"column\">\n\t\t\t<div class=\"elementor-widget-wrap elementor-element-populated\">\n\t\t\t\t\t\t<div class=\"elementor-element elementor-element-5968ac8 elementor-widget elementor-widget-heading\" data-id=\"5968ac8\" data-element_type=\"widget\" data-widget_type=\"heading.default\">\n\t\t\t\t<div class=\"elementor-widget-container\">\n\t\t\t<style>\/*! elementor - v3.22.0 - 17-06-2024 *\/\n.elementor-heading-title{padding:0;margin:0;line-height:1}.elementor-widget-heading .elementor-heading-title[class*=elementor-size-]>a{color:inherit;font-size:inherit;line-height:inherit}.elementor-widget-heading .elementor-heading-title.elementor-size-small{font-size:15px}.elementor-widget-heading .elementor-heading-title.elementor-size-medium{font-size:19px}.elementor-widget-heading .elementor-heading-title.elementor-size-large{font-size:29px}.elementor-widget-heading .elementor-heading-title.elementor-size-xl{font-size:39px}.elementor-widget-heading .elementor-heading-title.elementor-size-xxl{font-size:59px}<\/style><h2 class=\"elementor-heading-title elementor-size-default\">MENTIONS L\u00c9GALES<\/h2>\t\t<\/div>\n\t\t\t\t<\/div>\n\t\t\t\t<div class=\"elementor-element elementor-element-915de1b elementor-widget elementor-widget-text-editor\" data-id=\"915de1b\" data-element_type=\"widget\" data-widget_type=\"text-editor.default\">\n\t\t\t\t<div class=\"elementor-widget-container\">\n\t\t\t<style>\/*! elementor - v3.22.0 - 17-06-2024 *\/\n.elementor-widget-text-editor.elementor-drop-cap-view-stacked .elementor-drop-cap{background-color:#69727d;color:#fff}.elementor-widget-text-editor.elementor-drop-cap-view-framed .elementor-drop-cap{color:#69727d;border:3px solid;background-color:transparent}.elementor-widget-text-editor:not(.elementor-drop-cap-view-default) .elementor-drop-cap{margin-top:8px}.elementor-widget-text-editor:not(.elementor-drop-cap-view-default) .elementor-drop-cap-letter{width:1em;height:1em}.elementor-widget-text-editor .elementor-drop-cap{float:left;text-align:center;line-height:1;font-size:50px}.elementor-widget-text-editor .elementor-drop-cap-letter{display:inline-block}<\/style>\t\t\t\t<article role=\"article\">\n<h2>L\u2019association Atlangames<\/h2>\n<p>D\u00e9nomination sociale : Atlangames<br>Siret : 528 040 785 00016<br>Forme juridique : Association loi 1901<br>Code activit\u00e9 : Autres organisations fonctionnant par adh\u00e9sion volontaire (9499Z)<br>TVA intracommunautaire: FR41528040785<br>Adresse : 28 boulevard Benoni Goullin \u2013 44200 NANTES<br>Pr\u00e9sidente de l\u2019association : BUCHET Charlotte<br>Directeur de publication : CARPENTIER La\u00ebtitia<\/p>\n<h2><span style=\"font-weight: normal;\"><b>L\u2019association 3 HIT COMBO<\/b><br><\/span><\/h2>\n<p>D\u00e9nomination sociale : 3 hit combo \u2013 Association \u2013 Le Jardin Moderne, 11 rue du Manoir de Servign\u00e9, 35000 Rennes<\/p>\n<p>Responsable publication : Aymeric Lesn\u00e9 \u2013 contact@3hitcombo.fr<\/p>\n<h2><span style=\"font-weight: normal;\">Protection des donn\u00e9es personnelles<\/span><\/h2>\n<p>Toutes les informations collect\u00e9es par le biais du formulaire de contact ne sauraient \u00eatre utilis\u00e9es pour un d\u00e9marchage ni pour un usage commercial.<\/p>\n<p>Vous avez un droit non restrictif d\u2019acc\u00e8s, de modification, de rectification et de suppression des informations vous concernant comme pr\u00e9vues par la loi n\u00b078-17 du 6 janvier 1978 relative \u00e0 l\u2019informatique, aux fichiers et aux libert\u00e9s.<\/p>\n<p>Pour l\u2019exercer, adressez-vous \u00e0 :<br>Mme BUCHET Charlotte<br>28 boulevard Benoni Goullin \u2013 44200 Nantes \u2013 France<br>E-mail : <a href=\"mailto:contact@atlangames.com\">contact@atlangames.com<\/a><\/p>\n<h2><span style=\"font-weight: normal;\"> Copyright et droits d\u2019auteur <\/span><\/h2>\n<p>La l\u00e9gislation fran\u00e7aise et internationale sur le droit d\u2019auteur et la propri\u00e9t\u00e9 intellectuelle r\u00e9git l\u2019ensemble de ce site. Tous les droits d\u2019utilisation ou de reproduction sont enti\u00e8rement r\u00e9serv\u00e9s, comprenant aussi les textes, les documents mis \u00e0 disposition ainsi les repr\u00e9sentations iconographiques et photographiques.<\/p>\n<p>La reproduction de tout ou partie de ce site sur un support quel qu\u2019il soit, est formellement interdite sauf autorisation expresse de Mme BUCHET Charlotte.<\/p>\n<\/article>\n<article role=\"article\">\n<h2><span style=\"font-weight: normal;\">H\u00e9bergement<\/span><\/h2>\n<p>Ce site est h\u00e9berg\u00e9 par Online.net<br>BP 438 \u2013 75366 PARIS CEDEX 08 \u2013 France<\/p>\n<p>SAS au capital de 214 410,50 Euros, filiale du groupe Iliad, immatricul\u00e9e au Registre du Commerce et des Soci\u00e9t\u00e9s de Paris sous le num\u00e9ro RCS PARIS B 433 115 904, num\u00e9ro de TVA FR 35 433115904<\/p>\n<\/article>\t\t\t\t\t\t<\/div>\n\t\t\t\t<\/div>\n\t\t\t\t<div class=\"elementor-element elementor-element-166a11f elementor-widget elementor-widget-spacer\" data-id=\"166a11f\" data-element_type=\"widget\" data-widget_type=\"spacer.default\">\n\t\t\t\t<div class=\"elementor-widget-container\">\n\t\t\t<style>\/*! elementor - v3.22.0 - 17-06-2024 *\/\n.elementor-column .elementor-spacer-inner{height:var(--spacer-size)}.e-con{--container-widget-width:100%}.e-con-inner>.elementor-widget-spacer,.e-con>.elementor-widget-spacer{width:var(--container-widget-width,var(--spacer-size));--align-self:var(--container-widget-align-self,initial);--flex-shrink:0}.e-con-inner>.elementor-widget-spacer>.elementor-widget-container,.e-con>.elementor-widget-spacer>.elementor-widget-container{height:100%;width:100%}.e-con-inner>.elementor-widget-spacer>.elementor-widget-container>.elementor-spacer,.e-con>.elementor-widget-spacer>.elementor-widget-container>.elementor-spacer{height:100%}.e-con-inner>.elementor-widget-spacer>.elementor-widget-container>.elementor-spacer>.elementor-spacer-inner,.e-con>.elementor-widget-spacer>.elementor-widget-container>.elementor-spacer>.elementor-spacer-inner{height:var(--container-widget-height,var(--spacer-size))}.e-con-inner>.elementor-widget-spacer.elementor-widget-empty,.e-con>.elementor-widget-spacer.elementor-widget-empty{position:relative;min-height:22px;min-width:22px}.e-con-inner>.elementor-widget-spacer.elementor-widget-empty .elementor-widget-empty-icon,.e-con>.elementor-widget-spacer.elementor-widget-empty .elementor-widget-empty-icon{position:absolute;top:0;bottom:0;left:0;right:0;margin:auto;padding:0;width:22px;height:22px}<\/style>\t\t<div class=\"elementor-spacer\">\n\t\t\t<div class=\"elementor-spacer-inner\"><\/div>\n\t\t<\/div>\n\t\t\t\t<\/div>\n\t\t\t\t<\/div>\n\t\t\t\t\t<\/div>\n\t\t<\/div>\n\t\t\t\t\t<\/div>\n\t\t<\/section>\n\t\t\t\t<\/div>","protected":false},"excerpt":{"rendered":"<p>MENTIONS L\u00c9GALES L\u2019association Atlangames D\u00e9nomination sociale : AtlangamesSiret : 528 040 785 00016Forme juridique : Association loi 1901Code activit\u00e9 : Autres organisations fonctionnant par adh\u00e9sion volontaire (9499Z)TVA intracommunautaire: FR41528040785Adresse : 28 boulevard Benoni Goullin \u2013 44200 NANTESPr\u00e9sidente de l\u2019association : BUCHET CharlotteDirecteur de publication : CARPENTIER La\u00ebtitia L\u2019association 3 HIT COMBO D\u00e9nomination sociale : 3 [&hellip;]<\/p>\n<a href=\"https:\/\/addon.events\/en\/mentions-legales\/\"> Lire la suite...<\/a>","protected":false},"author":1,"featured_media":0,"parent":0,"menu_order":0,"comment_status":"closed","ping_status":"closed","template":"","meta":{"_acf_changed":false,"footnotes":""},"class_list":["post-191","page","type-page","status-publish","hentry"],"acf":[],"yoast_head":"<!-- This site is optimized with the Yoast SEO plugin v22.9 - https:\/\/yoast.com\/wordpress\/plugins\/seo\/ -->\n<title>Mentions l\u00e9gales - ADDON<\/title>\n<meta name=\"robots\" content=\"index, follow, max-snippet:-1, max-image-preview:large, max-video-preview:-1\" \/>\n<link rel=\"canonical\" href=\"https:\/\/addon.events\/en\/mentions-legales\/\" \/>\n<meta property=\"og:locale\" content=\"en_GB\" \/>\n<meta property=\"og:type\" content=\"article\" \/>\n<meta property=\"og:title\" content=\"Mentions l\u00e9gales - ADDON\" \/>\n<meta property=\"og:description\" content=\"MENTIONS L\u00c9GALES L\u2019association Atlangames D\u00e9nomination sociale : AtlangamesSiret : 528 040 785 00016Forme juridique : Association loi 1901Code activit\u00e9 : Autres organisations fonctionnant par adh\u00e9sion volontaire (9499Z)TVA intracommunautaire: FR41528040785Adresse : 28 boulevard Benoni Goullin \u2013 44200 NANTESPr\u00e9sidente de l\u2019association : BUCHET CharlotteDirecteur de publication : CARPENTIER La\u00ebtitia L\u2019association 3 HIT COMBO D\u00e9nomination sociale : 3 [&hellip;]\" \/>\n<meta property=\"og:url\" content=\"https:\/\/addon.events\/en\/mentions-legales\/\" \/>\n<meta property=\"og:site_name\" content=\"ADDON\" \/>\n<meta property=\"article:modified_time\" content=\"2021-10-22T13:57:12+00:00\" \/>\n<meta name=\"twitter:card\" content=\"summary_large_image\" \/>\n<meta name=\"twitter:label1\" content=\"Estimated reading time\" \/>\n\t<meta name=\"twitter:data1\" content=\"2 minutes\" \/>\n<script type=\"application\/ld+json\" class=\"yoast-schema-graph\">{\"@context\":\"https:\/\/schema.org\",\"@graph\":[{\"@type\":\"WebPage\",\"@id\":\"https:\/\/addon.events\/mentions-legales\/\",\"url\":\"https:\/\/addon.events\/mentions-legales\/\",\"name\":\"Mentions l\u00e9gales - ADDON\",\"isPartOf\":{\"@id\":\"https:\/\/addon.events\/#website\"},\"datePublished\":\"2021-09-28T09:21:28+00:00\",\"dateModified\":\"2021-10-22T13:57:12+00:00\",\"breadcrumb\":{\"@id\":\"https:\/\/addon.events\/mentions-legales\/#breadcrumb\"},\"inLanguage\":\"en-GB\",\"potentialAction\":[{\"@type\":\"ReadAction\",\"target\":[\"https:\/\/addon.events\/mentions-legales\/\"]}]},{\"@type\":\"BreadcrumbList\",\"@id\":\"https:\/\/addon.events\/mentions-legales\/#breadcrumb\",\"itemListElement\":[{\"@type\":\"ListItem\",\"position\":1,\"name\":\"Accueil\",\"item\":\"https:\/\/addon.events\/\"},{\"@type\":\"ListItem\",\"position\":2,\"name\":\"Mentions l\u00e9gales\"}]},{\"@type\":\"WebSite\",\"@id\":\"https:\/\/addon.events\/#website\",\"url\":\"https:\/\/addon.events\/\",\"name\":\"ADDON\",\"description\":\"\",\"publisher\":{\"@id\":\"https:\/\/addon.events\/#organization\"},\"potentialAction\":[{\"@type\":\"SearchAction\",\"target\":{\"@type\":\"EntryPoint\",\"urlTemplate\":\"https:\/\/addon.events\/?s={search_term_string}\"},\"query-input\":\"required name=search_term_string\"}],\"inLanguage\":\"en-GB\"},{\"@type\":\"Organization\",\"@id\":\"https:\/\/addon.events\/#organization\",\"name\":\"Atlangames\",\"url\":\"https:\/\/addon.events\/\",\"logo\":{\"@type\":\"ImageObject\",\"inLanguage\":\"en-GB\",\"@id\":\"https:\/\/addon.events\/#\/schema\/logo\/image\/\",\"url\":\"https:\/\/addon.events\/wp-content\/uploads\/2021\/09\/logo-atlangames.png\",\"contentUrl\":\"https:\/\/addon.events\/wp-content\/uploads\/2021\/09\/logo-atlangames.png\",\"width\":256,\"height\":116,\"caption\":\"Atlangames\"},\"image\":{\"@id\":\"https:\/\/addon.events\/#\/schema\/logo\/image\/\"}}]}<\/script>\n<!-- \/ Yoast SEO plugin. -->","yoast_head_json":{"title":"Mentions l\u00e9gales - ADDON","robots":{"index":"index","follow":"follow","max-snippet":"max-snippet:-1","max-image-preview":"max-image-preview:large","max-video-preview":"max-video-preview:-1"},"canonical":"https:\/\/addon.events\/en\/mentions-legales\/","og_locale":"en_GB","og_type":"article","og_title":"Mentions l\u00e9gales - ADDON","og_description":"MENTIONS L\u00c9GALES L\u2019association Atlangames D\u00e9nomination sociale : AtlangamesSiret : 528 040 785 00016Forme juridique : Association loi 1901Code activit\u00e9 : Autres organisations fonctionnant par adh\u00e9sion volontaire (9499Z)TVA intracommunautaire: FR41528040785Adresse : 28 boulevard Benoni Goullin \u2013 44200 NANTESPr\u00e9sidente de l\u2019association : BUCHET CharlotteDirecteur de publication : CARPENTIER La\u00ebtitia L\u2019association 3 HIT COMBO D\u00e9nomination sociale : 3 [&hellip;]","og_url":"https:\/\/addon.events\/en\/mentions-legales\/","og_site_name":"ADDON","article_modified_time":"2021-10-22T13:57:12+00:00","twitter_card":"summary_large_image","twitter_misc":{"Estimated reading time":"2 minutes"},"schema":{"@context":"https:\/\/schema.org","@graph":[{"@type":"WebPage","@id":"https:\/\/addon.events\/mentions-legales\/","url":"https:\/\/addon.events\/mentions-legales\/","name":"Mentions l\u00e9gales - ADDON","isPartOf":{"@id":"https:\/\/addon.events\/#website"},"datePublished":"2021-09-28T09:21:28+00:00","dateModified":"2021-10-22T13:57:12+00:00","breadcrumb":{"@id":"https:\/\/addon.events\/mentions-legales\/#breadcrumb"},"inLanguage":"en-GB","potentialAction":[{"@type":"ReadAction","target":["https:\/\/addon.events\/mentions-legales\/"]}]},{"@type":"BreadcrumbList","@id":"https:\/\/addon.events\/mentions-legales\/#breadcrumb","itemListElement":[{"@type":"ListItem","position":1,"name":"Accueil","item":"https:\/\/addon.events\/"},{"@type":"ListItem","position":2,"name":"Mentions l\u00e9gales"}]},{"@type":"WebSite","@id":"https:\/\/addon.events\/#website","url":"https:\/\/addon.events\/","name":"ADDON","description":"","publisher":{"@id":"https:\/\/addon.events\/#organization"},"potentialAction":[{"@type":"SearchAction","target":{"@type":"EntryPoint","urlTemplate":"https:\/\/addon.events\/?s={search_term_string}"},"query-input":"required name=search_term_string"}],"inLanguage":"en-GB"},{"@type":"Organization","@id":"https:\/\/addon.events\/#organization","name":"Atlangames","url":"https:\/\/addon.events\/","logo":{"@type":"ImageObject","inLanguage":"en-GB","@id":"https:\/\/addon.events\/#\/schema\/logo\/image\/","url":"https:\/\/addon.events\/wp-content\/uploads\/2021\/09\/logo-atlangames.png","contentUrl":"https:\/\/addon.events\/wp-content\/uploads\/2021\/09\/logo-atlangames.png","width":256,"height":116,"caption":"Atlangames"},"image":{"@id":"https:\/\/addon.events\/#\/schema\/logo\/image\/"}}]}},"_links":{"self":[{"href":"https:\/\/addon.events\/en\/wp-json\/wp\/v2\/pages\/191","targetHints":{"allow":["GET"]}}],"collection":[{"href":"https:\/\/addon.events\/en\/wp-json\/wp\/v2\/pages"}],"about":[{"href":"https:\/\/addon.events\/en\/wp-json\/wp\/v2\/types\/page"}],"author":[{"embeddable":true,"href":"https:\/\/addon.events\/en\/wp-json\/wp\/v2\/users\/1"}],"replies":[{"embeddable":true,"href":"https:\/\/addon.events\/en\/wp-json\/wp\/v2\/comments?post=191"}],"version-history":[{"count":16,"href":"https:\/\/addon.events\/en\/wp-json\/wp\/v2\/pages\/191\/revisions"}],"predecessor-version":[{"id":1092,"href":"https:\/\/addon.events\/en\/wp-json\/wp\/v2\/pages\/191\/revisions\/1092"}],"wp:attachment":[{"href":"https:\/\/addon.events\/en\/wp-json\/wp\/v2\/media?parent=191"}],"curies":[{"name":"wp","href":"https:\/\/api.w.org\/{rel}","templated":true}]}}